{"id":1037,"date":"2021-06-28T10:01:36","date_gmt":"2021-06-28T08:01:36","guid":{"rendered":"https:\/\/thecopperhub.com\/i-nostri-partner\/"},"modified":"2021-09-14T17:32:54","modified_gmt":"2021-09-14T15:32:54","slug":"unsere-partner","status":"publish","type":"page","link":"https:\/\/thecopperhub.com\/de\/copper-action-hub-de\/unsere-partner\/","title":{"rendered":"I nostri partner DE"},"content":{"rendered":"\n<h2>\n\t\tUnsere Partner\n\t<\/h2>\n\t<h3>Eine Beteiligung am Copper-Action-Hub steht Unternehmen oder Institutionen offen, die sich mit dem Thema Kupfer als Werkstoff f\u00fcr antimikrobielle Oberfl\u00e4chen auseinandersetzen und einen Beitrag zur Sensibilisierung leisten m\u00f6chten.<\/h3>\n\t<p>Der Copper Action Hub und die damit verbundene Kommunikationskampagne wurde von der <a href=\"https:\/\/www.kme.com\" target=\"_blank\" rel=\"noopener\"><b>KME<\/b><\/a>, einem der weltweit gr\u00f6\u00dften Hersteller von Erzeugnissen aus Kupfer und Kupferlegierungen, mit dem Ziel ins Leben gerufen, das Wissen \u00fcber die nat\u00fcrlichen antimikrobiellen Eigenschaften von Kupfer zu f\u00f6rdern und seine Anwendungsm\u00f6glichkeiten in der Infektionspr\u00e4vention im Bauwesen, im \u00f6ffentlichen Verkehr und im Gesundheitswesen aufzuzeigen. Das von der IntekGroup SpA gef\u00fchrte Unternehmen wird durch ein europ\u00e4isches Management geleitet und hat seinen Hauptsitz in Osnabr\u00fcck (Deutschland). Mit Produktionsstandorten in Europa, China und den USA verf\u00fcgt die KME \u00fcber ein weltweites Vertriebsnetz und \u00fcber zwei Forschungszentren mit Sitz in Italien und Deutschland.<\/p>\n\t\t\t\t<img loading=\"lazy\" decoding=\"async\" src=\"https:\/\/thecopperhub.com\/wp-content\/uploads\/2021\/06\/immagine_about.jpg\" alt=\"immagine_about\" itemprop=\"image\" height=\"339\" width=\"1108\" title=\"immagine_about\" onerror=\"this.style.display='none'\"  \/>\n\t<p>Seit 1947 stellt die \u00f6sterreichische Firma <a href=\"https:\/\/www.rezi.at\/\" target=\"_blank\" rel=\"noopener\"><b>Rezi<\/b><\/a> innovative Reinigungsprodukte aus Kupfer f\u00fcr die hygienische und chemiefreie Scheuerreinigung her. In Zusammenarbeit mit der Universit\u00e4t Innsbruck wurde in den letzten Jahren ein patentiertes Verfahren entwickelt, in dem Reinigungst\u00fccher aus speziellen Mikrofasern mit fl\u00fcssigen Kupferpigmenten veredelt werden. Oberfl\u00e4chen k\u00f6nnen so \u00f6kologisch nachhaltig nur mit Wasser von bis zu 99,99% der Bakterien und Viren befreit werden.<\/p>\n<p><strong><a href=\"https:\/\/www.translink.ca\/\" data-saferedirecturl=\"https:\/\/www.google.com\/url?q=https:\/\/www.translink.ca\/&amp;source=gmail&amp;ust=1631714777757000&amp;usg=AFQjCNGeQmNo5Wurbr1JeVUhTRW1zSH5tw\">TransLink<\/a><\/strong>\u00a0ist ein Verkehrsunternehmen, das im Gro\u00dfraum von Vancouver an der kanadischen Westk\u00fcste t\u00e4tig ist. TransLink wurde 1999 gegr\u00fcndet und verf\u00fcgt \u00fcber ein gro\u00dfes Netz an Betriebsgesellschaften und Tochtergesellschaften, darunter Coast Mountain Bus Company, British Columbia Rapid Transit Company, West Coast Express und Metro Vancouver Transit Police. Ende 2020 testete TransLink als erstes Verkehrsunternehmen in Nordamerika mit Partnern aus Industrie, Gesundheitswesen und Forschung kupferbasierte Produkte in seinen Fahrzeugen im Rahmen eines\u00a0<strong><a href=\"https:\/\/www.translink.ca\/plans-and-projects\/programs-and-studies\/translink-tomorrow#copper-and-organosilane-pilot\" data-saferedirecturl=\"https:\/\/www.google.com\/url?q=https:\/\/www.translink.ca\/plans-and-projects\/programs-and-studies\/translink-tomorrow%23copper-and-organosilane-pilot&amp;source=gmail&amp;ust=1631714777757000&amp;usg=AFQjCNGWRJwiBX0e3rVxxMTbW9TyWls8hQ\">Pilotprojekts<\/a><\/strong>. Im Herbst 2021 startet eine neue Projektphase, die ein Jahr dauern wird.<\/p>\n\n","protected":false},"excerpt":{"rendered":"<p>Unsere Partner Eine Beteiligung am Copper-Action-Hub steht Unternehmen oder Institutionen offen, die sich mit dem Thema Kupfer als Werkstoff f\u00fcr antimikrobielle Oberfl\u00e4chen auseinandersetzen und einen Beitrag zur Sensibilisierung leisten m\u00f6chten. Der Copper Action Hub und die damit verbundene Kommunikationskampagne wurde von der KME, einem der weltweit gr\u00f6\u00dften Hersteller von Erzeugnissen &#8230; <\/p>\n<p class=\"read-more-container\"><a title=\"I nostri partner DE\" class=\"read-more button\" href=\"https:\/\/thecopperhub.com\/de\/copper-action-hub-de\/unsere-partner\/#more-1037\" aria-label=\"Mehr Informationen \u00fcber I nostri partner DE\">Weiter lesen<\/a><\/p>\n<p> <a class=\"link-more\" href=\"https:\/\/thecopperhub.com\/de\/copper-action-hub-de\/unsere-partner\/\">Weiterlesen<\/a><\/p>\n","protected":false},"author":1,"featured_media":0,"parent":535,"menu_order":0,"comment_status":"closed","ping_status":"closed","template":"","meta":{"_acf_changed":false,"_seopress_robots_primary_cat":"","_seopress_titles_title":"","_seopress_titles_desc":"","_seopress_robots_index":"","footnotes":""},"class_list":{"0":"post-1037","1":"page","2":"type-page","3":"status-publish","5":"infinite-scroll-item"},"acf":[],"_links":{"self":[{"href":"https:\/\/thecopperhub.com\/de\/wp-json\/wp\/v2\/pages\/1037","targetHints":{"allow":["GET"]}}],"collection":[{"href":"https:\/\/thecopperhub.com\/de\/wp-json\/wp\/v2\/pages"}],"about":[{"href":"https:\/\/thecopperhub.com\/de\/wp-json\/wp\/v2\/types\/page"}],"author":[{"embeddable":true,"href":"https:\/\/thecopperhub.com\/de\/wp-json\/wp\/v2\/users\/1"}],"replies":[{"embeddable":true,"href":"https:\/\/thecopperhub.com\/de\/wp-json\/wp\/v2\/comments?post=1037"}],"version-history":[{"count":7,"href":"https:\/\/thecopperhub.com\/de\/wp-json\/wp\/v2\/pages\/1037\/revisions"}],"predecessor-version":[{"id":1643,"href":"https:\/\/thecopperhub.com\/de\/wp-json\/wp\/v2\/pages\/1037\/revisions\/1643"}],"up":[{"embeddable":true,"href":"https:\/\/thecopperhub.com\/de\/wp-json\/wp\/v2\/pages\/535"}],"wp:attachment":[{"href":"https:\/\/thecopperhub.com\/de\/wp-json\/wp\/v2\/media?parent=1037"}],"curies":[{"name":"wp","href":"https:\/\/api.w.org\/{rel}","templated":true}]}}