{"id":1174,"date":"2021-07-19T10:04:32","date_gmt":"2021-07-19T08:04:32","guid":{"rendered":"https:\/\/thecopperhub.com\/?page_id=1174"},"modified":"2021-07-19T12:24:05","modified_gmt":"2021-07-19T10:24:05","slug":"marie-antoinette-esposito","status":"publish","type":"page","link":"https:\/\/thecopperhub.com\/de\/copper-action-hub-de\/marie-antoinette-esposito\/","title":{"rendered":"Marie Antoinette Esposito"},"content":{"rendered":"\n\n\t<h2>Marie Antoinette Esposito<\/h2>\n\t<h3>Professorin f\u00fcr Architekturtechnologie an der Universit\u00e4t Florenz mit Schwerpunkt Green Airport Design<\/h3>\n\t\t\t\t<img loading=\"lazy\" decoding=\"async\" src=\"https:\/\/thecopperhub.com\/wp-content\/uploads\/2021\/07\/IM_Esposito.png\" alt=\"IM_Esposito\" itemprop=\"image\" height=\"1024\" width=\"819\" title=\"IM_Esposito\" onerror=\"this.style.display='none'\"  \/>\n\t<p>Maria Antonietta Esposito ist ordentliche Professorin f\u00fcr Architekturtechnologie und Design am Institut f\u00fcr Architektur der Universit\u00e4t Florenz. Ihr Schwerpunkt liegt in der Entwicklung der Methodik f\u00fcr nachhaltige Projekte und im besonderen im Bereich Flughafendesign.<\/p>\n<p>&nbsp;<\/p>\n<p>Prof. Esposito ist es ein Anliegen, die Entwicklung der Architektur mit der Notwendigkeit zu verbinden, die Bauindustrie an soziale, politische und wirtschaftliche Ver\u00e4nderungen anzupassen. Vor diesem Hintergrund hat sie den Ansatz des Building Information Modelling (BIM)-Design zunehmend mit dem Bau effizienter und \u00f6kologischer Geb\u00e4ude integriert und die \u00d6kobilanzbewertung eingef\u00fchrt. Sie besch\u00e4ftigt sich haupts\u00e4chlich mit Green Airport Design, ein Spezialgebiet, f\u00fcr das sie mehrere Preise und Auszeichnungen erhalten hat.<\/p>\n\t<p>Derzeit ist sie Mitglied der Italienischen Gesellschaft f\u00fcr Architekturtechnologie, der Italienischen Gesellschaft f\u00fcr Architekturtechnik, der Italienischen Kulturvereinigung f\u00fcr Qualit\u00e4t im Bauwesen und spricht an nationalen und internationalen Konferenzen.<\/p>\n\n","protected":false},"excerpt":{"rendered":"<p>Professorin f\u00fcr Architekturtechnologie an der Universit\u00e4t Florenz mit Schwerpunkt Green Airport Design Maria Antonietta Esposito ist ordentliche Professorin f\u00fcr Architekturtechnologie und Design am Institut f\u00fcr Architektur der Universit\u00e4t Florenz. Ihr Schwerpunkt liegt in der Entwicklung der Methodik f\u00fcr nachhaltige Projekte und im besonderen im Bereich Flughafendesign. &nbsp; Prof. Esposito ist &#8230; <\/p>\n<p class=\"read-more-container\"><a title=\"Marie Antoinette Esposito\" class=\"read-more button\" href=\"https:\/\/thecopperhub.com\/de\/copper-action-hub-de\/marie-antoinette-esposito\/#more-1174\" aria-label=\"Mehr Informationen \u00fcber Marie Antoinette Esposito\">Weiter lesen<\/a><\/p>\n<p> <a class=\"link-more\" href=\"https:\/\/thecopperhub.com\/de\/copper-action-hub-de\/marie-antoinette-esposito\/\">Weiterlesen<\/a><\/p>\n","protected":false},"author":1,"featured_media":0,"parent":535,"menu_order":0,"comment_status":"closed","ping_status":"closed","template":"","meta":{"_acf_changed":false,"_seopress_robots_primary_cat":"","_seopress_titles_title":"","_seopress_titles_desc":"","_seopress_robots_index":"","footnotes":""},"class_list":{"0":"post-1174","1":"page","2":"type-page","3":"status-publish","5":"infinite-scroll-item"},"acf":[],"_links":{"self":[{"href":"https:\/\/thecopperhub.com\/de\/wp-json\/wp\/v2\/pages\/1174","targetHints":{"allow":["GET"]}}],"collection":[{"href":"https:\/\/thecopperhub.com\/de\/wp-json\/wp\/v2\/pages"}],"about":[{"href":"https:\/\/thecopperhub.com\/de\/wp-json\/wp\/v2\/types\/page"}],"author":[{"embeddable":true,"href":"https:\/\/thecopperhub.com\/de\/wp-json\/wp\/v2\/users\/1"}],"replies":[{"embeddable":true,"href":"https:\/\/thecopperhub.com\/de\/wp-json\/wp\/v2\/comments?post=1174"}],"version-history":[{"count":3,"href":"https:\/\/thecopperhub.com\/de\/wp-json\/wp\/v2\/pages\/1174\/revisions"}],"predecessor-version":[{"id":1240,"href":"https:\/\/thecopperhub.com\/de\/wp-json\/wp\/v2\/pages\/1174\/revisions\/1240"}],"up":[{"embeddable":true,"href":"https:\/\/thecopperhub.com\/de\/wp-json\/wp\/v2\/pages\/535"}],"wp:attachment":[{"href":"https:\/\/thecopperhub.com\/de\/wp-json\/wp\/v2\/media?parent=1174"}],"curies":[{"name":"wp","href":"https:\/\/api.w.org\/{rel}","templated":true}]}}