{"id":1188,"date":"2021-07-19T10:26:09","date_gmt":"2021-07-19T08:26:09","guid":{"rendered":"https:\/\/thecopperhub.com\/?page_id=1188"},"modified":"2021-07-19T12:24:16","modified_gmt":"2021-07-19T10:24:16","slug":"paolo-stocco","status":"publish","type":"page","link":"https:\/\/thecopperhub.com\/de\/copper-action-hub-de\/paolo-stocco\/","title":{"rendered":"Paolo Stocco"},"content":{"rendered":"\n\n\t<h2>Paolo Stocco<\/h2>\n\t<h3>Direktor der Federsanit\u00e0 ANCI Veneto, Manager \u00f6ffentlicher und privater Gesundheitseinrichtungen<\/h3>\n\t\t\t\t<img loading=\"lazy\" decoding=\"async\" src=\"https:\/\/thecopperhub.com\/wp-content\/uploads\/2021\/07\/IM_Stocco.png\" alt=\"IM_Stocco\" itemprop=\"image\" height=\"1024\" width=\"819\" title=\"IM_Stocco\" onerror=\"this.style.display='none'\"  \/>\n\t<p>Paolo Stocco ist ausgebildeter Psychologe und seit langem in F\u00fchrungspositionen f\u00fcr \u00f6ffentliche und private Sozial- und Gesundheitseinrichtungen t\u00e4tig. Derzeit ist er Direktor der Federsanit\u00e0 ANCI Veneto, Pr\u00e4sident der Comunit\u00e0 Venedig scs und Direktor der Pflegeheime in Cortina d&#8217;Ampezzo.<\/p>\n<p>&nbsp;<\/p>\n<p>Von 2009 bis 2012 war er Pr\u00e4sident von Veneto Formss, einer \u00f6ffentlichen Ausbildungsanstalt im Gesundheitsmanagement und im gleichen Zeitraum General Manager der Gesundheitsbeh\u00f6rde der Provinz Venedig.<\/p>\n<p>&nbsp;<\/p>\n<p>Paolo Stocco verf\u00fcgt \u00fcber langj\u00e4hrige Erfahrung im internationalen Umfeld und im Management europ\u00e4ischer Projekte. Er ist Vorstandsmitglied von Eurohealthnet. Er leitete das International Brick Program des italienischen Gesundheitsministeriums zur Internationalisierung der lokalen Gesundheitsbeh\u00f6rden.<\/p>\n\t<p>Er war Referent auf zahlreichen internationalen Konferenzen und hat etwa hundert Artikel ver\u00f6ffentlicht, darunter als Co-Autor Ende 2020 eine internationale Publikation zum Management der Auswirkungen von Covid-19 auf das \u00f6ffentliche Gesundheitswesen.<\/p>\n\n","protected":false},"excerpt":{"rendered":"<p>Direktor der Federsanit\u00e0 ANCI Veneto, Manager \u00f6ffentlicher und privater Gesundheitseinrichtungen Paolo Stocco ist ausgebildeter Psychologe und seit langem in F\u00fchrungspositionen f\u00fcr \u00f6ffentliche und private Sozial- und Gesundheitseinrichtungen t\u00e4tig. Derzeit ist er Direktor der Federsanit\u00e0 ANCI Veneto, Pr\u00e4sident der Comunit\u00e0 Venedig scs und Direktor der Pflegeheime in Cortina d&#8217;Ampezzo. &nbsp; Von &#8230; <\/p>\n<p class=\"read-more-container\"><a title=\"Paolo Stocco\" class=\"read-more button\" href=\"https:\/\/thecopperhub.com\/de\/copper-action-hub-de\/paolo-stocco\/#more-1188\" aria-label=\"Mehr Informationen \u00fcber Paolo Stocco\">Weiter lesen<\/a><\/p>\n<p> <a class=\"link-more\" href=\"https:\/\/thecopperhub.com\/de\/copper-action-hub-de\/paolo-stocco\/\">Weiterlesen<\/a><\/p>\n","protected":false},"author":1,"featured_media":0,"parent":535,"menu_order":0,"comment_status":"closed","ping_status":"closed","template":"","meta":{"_acf_changed":false,"_seopress_robots_primary_cat":"","_seopress_titles_title":"","_seopress_titles_desc":"","_seopress_robots_index":"","footnotes":""},"class_list":{"0":"post-1188","1":"page","2":"type-page","3":"status-publish","5":"infinite-scroll-item"},"acf":[],"_links":{"self":[{"href":"https:\/\/thecopperhub.com\/de\/wp-json\/wp\/v2\/pages\/1188","targetHints":{"allow":["GET"]}}],"collection":[{"href":"https:\/\/thecopperhub.com\/de\/wp-json\/wp\/v2\/pages"}],"about":[{"href":"https:\/\/thecopperhub.com\/de\/wp-json\/wp\/v2\/types\/page"}],"author":[{"embeddable":true,"href":"https:\/\/thecopperhub.com\/de\/wp-json\/wp\/v2\/users\/1"}],"replies":[{"embeddable":true,"href":"https:\/\/thecopperhub.com\/de\/wp-json\/wp\/v2\/comments?post=1188"}],"version-history":[{"count":3,"href":"https:\/\/thecopperhub.com\/de\/wp-json\/wp\/v2\/pages\/1188\/revisions"}],"predecessor-version":[{"id":1241,"href":"https:\/\/thecopperhub.com\/de\/wp-json\/wp\/v2\/pages\/1188\/revisions\/1241"}],"up":[{"embeddable":true,"href":"https:\/\/thecopperhub.com\/de\/wp-json\/wp\/v2\/pages\/535"}],"wp:attachment":[{"href":"https:\/\/thecopperhub.com\/de\/wp-json\/wp\/v2\/media?parent=1188"}],"curies":[{"name":"wp","href":"https:\/\/api.w.org\/{rel}","templated":true}]}}