{"id":1203,"date":"2021-07-19T10:36:22","date_gmt":"2021-07-19T08:36:22","guid":{"rendered":"https:\/\/thecopperhub.com\/?page_id=1203"},"modified":"2021-08-02T18:19:38","modified_gmt":"2021-08-02T16:19:38","slug":"christine-roques","status":"publish","type":"page","link":"https:\/\/thecopperhub.com\/de\/copper-action-hub-de\/christine-roques\/","title":{"rendered":"Christine Roques"},"content":{"rendered":"\n\n\t<h2>Christine Roques<\/h2>\n\t<h3>Professorin f\u00fcr industrielle Mikrobiologie, Hygiene und Umwelt an der Fakult\u00e4t f\u00fcr Pharmazie von Toulouse (Universit\u00e9 Paul Sabatier Toulouse III)<\/h3>\n\t\t\t\t<img loading=\"lazy\" decoding=\"async\" src=\"https:\/\/thecopperhub.com\/wp-content\/uploads\/2021\/07\/IM_Christine-Roques.png\" alt=\"IM_Christine Roques\" itemprop=\"image\" height=\"1024\" width=\"819\" title=\"IM_Christine Roques\" onerror=\"this.style.display='none'\"  \/>\n\t<p>Christine Roques ist Professorin f\u00fcr industrielle Mikrobiologie, Hygiene und Umwelt an der Fakult\u00e4t f\u00fcr Pharmazie von Toulouse (Universit\u00e9 Paul Sabatier Toulouse III) und Forscherin am Labor f\u00fcr Bakteriologie und Hygiene des Bundesinstituts f\u00fcr Biologie am Universit\u00e4tskrankenhaus Purpan in Toulouse.<\/p>\n<p>&nbsp;<\/p>\n<p>Seit 2021 ist sie Pr\u00e4sidentin des Internationalen Technischen Kommittees f\u00fcr Antimikrobielle Oberfl\u00e4chen ISO TC330 und von 2018 bis 2020 war sie Vorsitzende von AFNOR&#8217;s (Franz\u00f6sische Organisation f\u00fcr Normen) Kommittee f\u00fcr Antimikrobielle Oberfl\u00e4chen (S95S).<\/p>\n<p>&nbsp;<\/p>\n<p>Der Schwerpunkt ihrer Forschung liegt im Bereich bakterielle Adh\u00e4sion, Biofilmbildung und Regulierung von \u00d6kosystemen. Sie besch\u00e4ftigt sich insbesondere mit Krankenhaushygiene und -sicherheit sowie dem Qualit\u00e4tsmanagement der Abteilung Bakteriologie und Hygiene.<\/p>\n\t<p>Nach dem Studium der Pharmazie hat Christine Roques ihr Doktorat in Mikrobiologie abgeschlossen. Sie hat mehr als 150 wissenschaftliche Studien ver\u00f6ffentlicht.<\/p>\n\n","protected":false},"excerpt":{"rendered":"<p>Professorin f\u00fcr industrielle Mikrobiologie, Hygiene und Umwelt an der Fakult\u00e4t f\u00fcr Pharmazie von Toulouse (Universit\u00e9 Paul Sabatier Toulouse III) Christine Roques ist Professorin f\u00fcr industrielle Mikrobiologie, Hygiene und Umwelt an der Fakult\u00e4t f\u00fcr Pharmazie von Toulouse (Universit\u00e9 Paul Sabatier Toulouse III) und Forscherin am Labor f\u00fcr Bakteriologie und Hygiene des &#8230; <\/p>\n<p class=\"read-more-container\"><a title=\"Christine Roques\" class=\"read-more button\" href=\"https:\/\/thecopperhub.com\/de\/copper-action-hub-de\/christine-roques\/#more-1203\" aria-label=\"Mehr Informationen \u00fcber Christine Roques\">Weiter lesen<\/a><\/p>\n<p> <a class=\"link-more\" href=\"https:\/\/thecopperhub.com\/de\/copper-action-hub-de\/christine-roques\/\">Weiterlesen<\/a><\/p>\n","protected":false},"author":1,"featured_media":0,"parent":535,"menu_order":0,"comment_status":"closed","ping_status":"closed","template":"","meta":{"_acf_changed":false,"_seopress_robots_primary_cat":"","_seopress_titles_title":"","_seopress_titles_desc":"","_seopress_robots_index":"","footnotes":""},"class_list":{"0":"post-1203","1":"page","2":"type-page","3":"status-publish","5":"infinite-scroll-item"},"acf":[],"_links":{"self":[{"href":"https:\/\/thecopperhub.com\/de\/wp-json\/wp\/v2\/pages\/1203","targetHints":{"allow":["GET"]}}],"collection":[{"href":"https:\/\/thecopperhub.com\/de\/wp-json\/wp\/v2\/pages"}],"about":[{"href":"https:\/\/thecopperhub.com\/de\/wp-json\/wp\/v2\/types\/page"}],"author":[{"embeddable":true,"href":"https:\/\/thecopperhub.com\/de\/wp-json\/wp\/v2\/users\/1"}],"replies":[{"embeddable":true,"href":"https:\/\/thecopperhub.com\/de\/wp-json\/wp\/v2\/comments?post=1203"}],"version-history":[{"count":5,"href":"https:\/\/thecopperhub.com\/de\/wp-json\/wp\/v2\/pages\/1203\/revisions"}],"predecessor-version":[{"id":1348,"href":"https:\/\/thecopperhub.com\/de\/wp-json\/wp\/v2\/pages\/1203\/revisions\/1348"}],"up":[{"embeddable":true,"href":"https:\/\/thecopperhub.com\/de\/wp-json\/wp\/v2\/pages\/535"}],"wp:attachment":[{"href":"https:\/\/thecopperhub.com\/de\/wp-json\/wp\/v2\/media?parent=1203"}],"curies":[{"name":"wp","href":"https:\/\/api.w.org\/{rel}","templated":true}]}}