{"id":226,"date":"2021-04-29T10:36:09","date_gmt":"2021-04-29T08:36:09","guid":{"rendered":"https:\/\/thecopperhub.com\/home\/"},"modified":"2021-07-21T16:27:09","modified_gmt":"2021-07-21T14:27:09","slug":"home","status":"publish","type":"page","link":"https:\/\/thecopperhub.com\/de\/","title":{"rendered":"Home"},"content":{"rendered":"\r\n\r\n\t<h2>Wirksam gegen Viren und Bakterien<\/h2>\r\n<p>Internationale Studien haben gezeigt, dass Kupfer dank seiner dauerhaften antimikrobiellen Eigenschaften in k\u00fcrzester Zeit Keime neutralisiert. Kupfer ist somit ein wertvoller Werkstoff f\u00fcr eine Vielzahl von Anwendungen.<\/p>\r\n<h5>\r\n\t\tNews\r\n\t<\/h5>\r\n    <ul class=\"display-posts-listing\"><li class=\"listing-item\"><a class=\"title\" href=\"https:\/\/thecopperhub.com\/de\/news\/copper-in-transit-study\/\">Copper in Transit Study<\/a> <span class=\"date\">9 Mai<\/span> <span class=\"excerpt-dash\">-<\/span> <span class=\"excerpt\"><p>Antimicrobial copper was found to be an effective option for improving the hygiene of touch surfaces in<br \/>\ntransit. <a class=\"link-more\" href=\"https:\/\/thecopperhub.com\/de\/news\/copper-in-transit-study\/\">Weiterlesen<\/a><\/p>\n<\/span><\/li><li class=\"listing-item\"><a class=\"title\" href=\"https:\/\/thecopperhub.com\/de\/news\/der-copper-action-hub-ein-unabhaengiges-gremium-zum-einsatz-von-kupfer-fuer-eine-sicherere-und-nachhaltigere-zukunft\/\">Der Copper-Action Hub: ein unabh\u00e4ngiges Gremium zum Einsatz von Kupfer f\u00fcr eine sicherere und nachhaltigere Zukunft<\/a> <span class=\"date\">14 Juni<\/span> <span class=\"excerpt-dash\">-<\/span> <span class=\"excerpt\">Ein europaweites Projekt wurde ins Leben gerufen, um die nat\u00fcrlichen antimikrobiellen Eigenschaften von Kupfer f\u00fcr eine sicherere und nachhaltigere Zukunft einzusetzen. <a class=\"link-more\" href=\"https:\/\/thecopperhub.com\/de\/news\/der-copper-action-hub-ein-unabhaengiges-gremium-zum-einsatz-von-kupfer-fuer-eine-sicherere-und-nachhaltigere-zukunft\/\">Weiterlesen<\/a><\/span><\/li><li class=\"listing-item\"><a class=\"title\" href=\"https:\/\/thecopperhub.com\/de\/news\/antimikrobielles-kupfer-sorgt-fuer-mehr-sicherheit-am-flughafen-mailand-linate\/\">Antimikrobielles Kupfer sorgt f\u00fcr mehr Sicherheit am Flughafen Mailand Linate<\/a> <span class=\"date\">8 Juni<\/span> <span class=\"excerpt-dash\">-<\/span> <span class=\"excerpt\">Am Mail\u00e4nder Flughafen Linate hat KME ihre SaCup-Produkte aus antimikrobiellem Kupfer f\u00fcr alle wichtigen Kontaktfl\u00e4chen eingesetzt, um den Passagieren ein zunehmend sicheres Reiseerlebnis bieten zu k\u00f6nnen.  <a class=\"link-more\" href=\"https:\/\/thecopperhub.com\/de\/news\/antimikrobielles-kupfer-sorgt-fuer-mehr-sicherheit-am-flughafen-mailand-linate\/\">Weiterlesen<\/a><\/span><\/li><\/ul>\r\n\t\n<div class=\"uk-position-relative \" data-uk-slider=\"{}\">\n\n    <div class=\"uk-slider-container\">\n        <ul class=\"uk-slider uk-grid uk-grid-match uk-flex-center uk-grid-width-1-1 uk-grid-width-xlarge-1-2 uk-grid-medium\">\n        \n            <li>\n\n                <div class=\"uk-panel uk-overlay uk-overlay-hover uk-cover-background\" style=\"height: 430px;background-image: url(\/wp-content\/uploads\/2021\/06\/IM_Bertollini_1.png);\">\n\n                    \n                                        <div class=\"uk-overlay-panel uk-overlay-background uk-overlay-fade\"><\/div>\n                    \n                    <div class=\"uk-overlay-panel uk-overlay-fade uk-flex uk-flex-center uk-flex-middle uk-text-center\">\n                        <div>\n\n                            \n                                                        <div class=\" uk-margin\"><div class=\"info-rel\">\n<h2>Roberto Bertollini<\/h2>\n<p>Experte f\u00fcr \u00f6ffentliche Gesundheit<\/p>\n<img decoding=\"async\" src=\"\/wp-content\/uploads\/2021\/04\/arrow-right.png\" \/>\n<\/div><\/div>\n                            \n                            \n                        <\/div>\n                    <\/div>\n\n                                        <a class=\"uk-position-cover\" href=\"\/de\/copper-action-hub-de\/roberto-bertollini\/\"><\/a>\n                    \n                <\/div>\n\n            <\/li>\n\n        \n            <li>\n\n                <div class=\"uk-panel uk-overlay uk-overlay-hover uk-cover-background\" style=\"height: 430px;background-image: url(\/wp-content\/uploads\/2021\/06\/IM_Ratti.png);\">\n\n                    \n                                        <div class=\"uk-overlay-panel uk-overlay-background uk-overlay-fade\"><\/div>\n                    \n                    <div class=\"uk-overlay-panel uk-overlay-fade uk-flex uk-flex-center uk-flex-middle uk-text-center\">\n                        <div>\n\n                            \n                                                        <div class=\" uk-margin\"><div class=\"info-rel\">\n<h2>Carlo Ratti<\/h2>\n<p>Architekt und Direktor<br \/> des &#8222;Senseable City Lab&#8220; am MIT<\/p>\n<p><img decoding=\"async\" src=\"\/wp-content\/uploads\/2021\/04\/arrow-right.png\" \/>\n<\/div>\n<\/div>\n                            \n                            \n                        <\/div>\n                    <\/div>\n\n                                        <a class=\"uk-position-cover\" href=\"\/de\/copper-action-hub-de\/carlo-ratti\/\"><\/a>\n                    \n                <\/div>\n\n            <\/li>\n\n        \n            <li>\n\n                <div class=\"uk-panel uk-overlay uk-overlay-hover uk-cover-background\" style=\"height: 430px;background-image: url(\/wp-content\/uploads\/2021\/05\/img-pallavicini-v2.jpg);\">\n\n                    \n                                        <div class=\"uk-overlay-panel uk-overlay-background uk-overlay-fade\"><\/div>\n                    \n                    <div class=\"uk-overlay-panel uk-overlay-fade uk-flex uk-flex-center uk-flex-middle uk-text-center\">\n                        <div>\n\n                            \n                                                        <div class=\" uk-margin\"><div class=\"info-rel\">\n<h2>Piersandro Pallavicini<\/h2>\n<p>Professor f\u00fcr Anorganische Chemie<br \/> an der Universit\u00e4t Pavia<\/p>\n<p><img decoding=\"async\" src=\"\/wp-content\/uploads\/2021\/04\/arrow-right.png\" \/>\n<\/div>\n<\/div>\n                            \n                            \n                        <\/div>\n                    <\/div>\n\n                                        <a class=\"uk-position-cover\" href=\"\/de\/copper-action-hub-de\/piersandro-pallavicini\/\"><\/a>\n                    \n                <\/div>\n\n            <\/li>\n\n        \n            <li>\n\n                <div class=\"uk-panel uk-overlay uk-overlay-hover uk-cover-background\" style=\"height: 430px;background-image: url(\/wp-content\/uploads\/2021\/07\/IM_Christine-Roques.png);\">\n\n                    \n                                        <div class=\"uk-overlay-panel uk-overlay-background uk-overlay-fade\"><\/div>\n                    \n                    <div class=\"uk-overlay-panel uk-overlay-fade uk-flex uk-flex-center uk-flex-middle uk-text-center\">\n                        <div>\n\n                            \n                                                        <div class=\" uk-margin\"><div class=\"info-rel\">\n<h2>Christine Roques<\/h2>\n<p>Professorin f\u00fcr industrielle Mikrobiologie, Hygiene und Umwelt an der Fakult\u00e4t f\u00fcr Pharmazie von Toulouse (Universit\u00e9 Paul Sabatier Toulouse III)<\/p>\n<p><img decoding=\"async\" src=\"\/wp-content\/uploads\/2021\/04\/arrow-right.png\" \/>\n<\/div>\n<\/div>\n                            \n                            \n                        <\/div>\n                    <\/div>\n\n                                        <a class=\"uk-position-cover\" href=\"\/de\/copper-action-hub-de\/christine-roques\/\"><\/a>\n                    \n                <\/div>\n\n            <\/li>\n\n        \n            <li>\n\n                <div class=\"uk-panel uk-overlay uk-overlay-hover uk-cover-background\" style=\"height: 430px;background-image: url(\/wp-content\/uploads\/2021\/07\/IM_Stocco.png);\">\n\n                    \n                                        <div class=\"uk-overlay-panel uk-overlay-background uk-overlay-fade\"><\/div>\n                    \n                    <div class=\"uk-overlay-panel uk-overlay-fade uk-flex uk-flex-center uk-flex-middle uk-text-center\">\n                        <div>\n\n                            \n                                                        <div class=\" uk-margin\"><div class=\"info-rel\">\n<h2>Paolo Stocco<\/h2>\n<p>Direktor der Federsanit\u00e0 ANCI Veneto, Manager \u00f6ffentlicher und privater Gesundheitseinrichtungen<\/p>\n<p><img decoding=\"async\" src=\"\/wp-content\/uploads\/2021\/04\/arrow-right.png\" \/>\n<\/div>\n<\/div>\n                            \n                            \n                        <\/div>\n                    <\/div>\n\n                                        <a class=\"uk-position-cover\" href=\"\/de\/copper-action-hub-de\/paolo-stocco\/\"><\/a>\n                    \n                <\/div>\n\n            <\/li>\n\n        \n            <li>\n\n                <div class=\"uk-panel uk-overlay uk-overlay-hover uk-cover-background\" style=\"height: 430px;background-image: url(\/wp-content\/uploads\/2021\/07\/IM_Esposito.png);\">\n\n                    \n                                        <div class=\"uk-overlay-panel uk-overlay-background uk-overlay-fade\"><\/div>\n                    \n                    <div class=\"uk-overlay-panel uk-overlay-fade uk-flex uk-flex-center uk-flex-middle uk-text-center\">\n                        <div>\n\n                            \n                                                        <div class=\" uk-margin\"><div class=\"info-rel\">\n<h2>Maria Antonietta Esposito<\/h2>\n<p>Professorin f\u00fcr Architekturtechnologie an der Universit\u00e4t Florenz mit Schwerpunkt Green Airport Design<\/p>\n<p><img decoding=\"async\" src=\"\/wp-content\/uploads\/2021\/04\/arrow-right.png\" \/>\n<\/div>\n<\/div>\n                            \n                            \n                        <\/div>\n                    <\/div>\n\n                                        <a class=\"uk-position-cover\" href=\"\/de\/copper-action-hub-de\/maria-antonietta-esposito\/\"><\/a>\n                    \n                <\/div>\n\n            <\/li>\n\n        \n            <li>\n\n                <div class=\"uk-panel uk-overlay uk-overlay-hover uk-cover-background\" style=\"height: 430px;background-image: url(\/wp-content\/uploads\/2021\/05\/img-loconsolo-v2.jpg);\">\n\n                    \n                                        <div class=\"uk-overlay-panel uk-overlay-background uk-overlay-fade\"><\/div>\n                    \n                    <div class=\"uk-overlay-panel uk-overlay-fade uk-flex uk-flex-center uk-flex-middle uk-text-center\">\n                        <div>\n\n                            \n                                                        <div class=\" uk-margin\"><div class=\"info-rel\">\n<h2>Vincenzo Loconsolo<\/h2>\n<p>Metallurgie-Ingenieur,<br \/>Technischen Kommission f\u00fcr &#8222;Nichteisenmetalle&#8220; der UNI<\/p>\n<p><img decoding=\"async\" src=\"\/wp-content\/uploads\/2021\/04\/arrow-right.png\" \/>\n<\/div>\n<\/div>\n                            \n                            \n                        <\/div>\n                    <\/div>\n\n                                        <a class=\"uk-position-cover\" href=\"\/de\/copper-action-hub-de\/vincenzo-loconsolo\/\"><\/a>\n                    \n                <\/div>\n\n            <\/li>\n\n                <\/ul>\n    <\/div>\n\n        <div class=\"uk-position-bottom-left uk-margin uk-margin-left uk-margin-right\">\n        <div class=\"uk-grid uk-grid-small\">\n            <div><a href=\"#\" class=\"uk-slidenav uk-slidenav-contrast uk-slidenav-previous\" data-uk-slider-item=\"previous\"><\/a><\/div>\n            <div><a href=\"#\" class=\"uk-slidenav uk-slidenav-contrast uk-slidenav-next\" data-uk-slider-item=\"next\"><\/a><\/div>\n        <\/div>\n    <\/div>\n    \n<\/div>\n\r\n<h5>\r\n\t\tDer Hub\r\n\t<\/h5>\r\n<h2>\r\n\t\tUnsere Experten\r\n\t<\/h2>\r\n\t<h3>Ein multidisziplin\u00e4res Team<\/h3>\r\n<p>Ein unabh\u00e4ngiges Gremium ausgew\u00e4hlter internationaler Experten aus den einflussreichsten Sektoren &#8211; wie dem Gesundheitswesen, der Architektur und dem \u00f6ffentlichen Verkehr &#8211; wird sich auf der Grundlage wissenschaftlicher Erkenntnisse mit der innovativen Anwendung von Kupfer besch\u00e4ftigen und Empfehlungen zu seinem Einsatz im \u00f6ffentlichen Leben abgeben.<\/p>\r\n<h5>\r\n\t\tWarum Kupfer\r\n\t<\/h5>\r\n<h2>\r\n\t\tAntimikrobielles Kupfer\r\n\t<\/h2>\r\n\t<h3>Sicherheit und Nachhaltigkeit<\/h3>\r\nKupfer hat im Durchschnitt eine um 80 % geringere Bakterien- und Virenbelastung als gleichwertige Gegenst\u00e4nde aus anderen Materialien: Durch seine einzigartige Struktur k\u00f6nnen Bakterien, Pilze oder Viren, einschlie\u00dflich des SARS-CoV-2, rasch eliminiert werden.<br \/>\r\nW\u00e4hrend des Recyclingprozesses beh\u00e4lt dieses Edelmetall all seine urspr\u00fcnglichen Eigenschaften, unabh\u00e4ngig davon, wie oft es recycelt wurde und f\u00fcr welche Anwendungen. Man sch\u00e4tzt, dass circa 80% des seit der Antike abgebauten Kupfers auch heute noch verwendet wird.\r\n\t\t\t\t<img loading=\"lazy\" decoding=\"async\" src=\"https:\/\/thecopperhub.com\/wp-content\/uploads\/2021\/05\/ragazze-bus-home.jpg\" alt=\"ragazze-bus-home\" itemprop=\"image\" height=\"975\" width=\"1081\" title=\"ragazze-bus-home\" onerror=\"this.style.display='none'\"  \/>\r\n<h5>\r\n\t\tLiteratur\r\n\t<\/h5>\r\n<h2>\r\n\t\tWissenschaftliche Arbeiten <br \/>und Studien\r\n\t<\/h2>\r\n\t\r\n\t\r\n\t\r\n\t\r\n\t\r\n\t\r\n\r\n","protected":false},"excerpt":{"rendered":"<p>Wirksam gegen Viren und Bakterien Internationale Studien haben gezeigt, dass Kupfer dank seiner dauerhaften antimikrobiellen Eigenschaften in k\u00fcrzester Zeit Keime neutralisiert. Kupfer ist somit ein wertvoller Werkstoff f\u00fcr eine Vielzahl von Anwendungen. News Der Hub Unsere Experten Ein multidisziplin\u00e4res Team Ein unabh\u00e4ngiges Gremium ausgew\u00e4hlter internationaler Experten aus den einflussreichsten Sektoren &#8230; <\/p>\n<p class=\"read-more-container\"><a title=\"Antimikrobielles Kupfer sorgt f\u00fcr mehr Sicherheit am Flughafen Mailand Linate\" class=\"read-more button\" href=\"https:\/\/thecopperhub.com\/de\/news\/antimikrobielles-kupfer-sorgt-fuer-mehr-sicherheit-am-flughafen-mailand-linate\/#more-1085\" aria-label=\"Mehr Informationen \u00fcber Antimikrobielles Kupfer sorgt f\u00fcr mehr Sicherheit am Flughafen Mailand Linate\">Weiter lesen<\/a><\/p>\n<p> <a class=\"link-more\" href=\"https:\/\/thecopperhub.com\/de\/news\/antimikrobielles-kupfer-sorgt-fuer-mehr-sicherheit-am-flughafen-mailand-linate\/\">Weiterlesen<\/a><\/p>\n","protected":false},"author":1,"featured_media":0,"parent":0,"menu_order":0,"comment_status":"closed","ping_status":"closed","template":"","meta":{"_acf_changed":false,"_seopress_robots_primary_cat":"","_seopress_titles_title":"The Copper HUB","_seopress_titles_desc":"Dank seiner permanenten antimikrobiellen Eigenschaften und seiner Strapazierf\u00e4higkeit ist Kupfer ein sehr geeignetes Material f\u00fcr unz\u00e4hlige Anwendungen.","_seopress_robots_index":"","footnotes":""},"class_list":{"0":"post-226","1":"page","2":"type-page","3":"status-publish","5":"infinite-scroll-item"},"acf":[],"_links":{"self":[{"href":"https:\/\/thecopperhub.com\/de\/wp-json\/wp\/v2\/pages\/226","targetHints":{"allow":["GET"]}}],"collection":[{"href":"https:\/\/thecopperhub.com\/de\/wp-json\/wp\/v2\/pages"}],"about":[{"href":"https:\/\/thecopperhub.com\/de\/wp-json\/wp\/v2\/types\/page"}],"author":[{"embeddable":true,"href":"https:\/\/thecopperhub.com\/de\/wp-json\/wp\/v2\/users\/1"}],"replies":[{"embeddable":true,"href":"https:\/\/thecopperhub.com\/de\/wp-json\/wp\/v2\/comments?post=226"}],"version-history":[{"count":5,"href":"https:\/\/thecopperhub.com\/de\/wp-json\/wp\/v2\/pages\/226\/revisions"}],"predecessor-version":[{"id":1111,"href":"https:\/\/thecopperhub.com\/de\/wp-json\/wp\/v2\/pages\/226\/revisions\/1111"}],"wp:attachment":[{"href":"https:\/\/thecopperhub.com\/de\/wp-json\/wp\/v2\/media?parent=226"}],"curies":[{"name":"wp","href":"https:\/\/api.w.org\/{rel}","templated":true}]}}