{"id":560,"date":"2021-06-09T11:25:25","date_gmt":"2021-06-09T09:25:25","guid":{"rendered":"https:\/\/thecopperhub.com\/copper-action-hub-de\/carlo-ratti\/"},"modified":"2021-07-19T12:23:18","modified_gmt":"2021-07-19T10:23:18","slug":"carlo-ratti","status":"publish","type":"page","link":"https:\/\/thecopperhub.com\/de\/copper-action-hub-de\/carlo-ratti\/","title":{"rendered":"Carlo Ratti"},"content":{"rendered":"\n\n\t<h2>Carlo Ratti<\/h2>\n\t<h3>Architekt und Direktor des &#8222;Senseable City Lab&#8220; am MIT<\/h3>\n\t\t\t\t<img loading=\"lazy\" decoding=\"async\" src=\"https:\/\/thecopperhub.com\/wp-content\/uploads\/2021\/06\/IM_Ratti.png\" alt=\"IM_Ratti\" itemprop=\"image\" height=\"1024\" width=\"819\" title=\"IM_Ratti\" onerror=\"this.style.display='none'\"  \/>\n\t<p>Der Architekt und Ingenieur Professor Carlo Ratti unterrichtet am MIT, wo er das Senseable City Laboratory leitet, und ist Gr\u00fcndungspartner des internationalen Design- und Innovationsb\u00fcros Carlo Ratti Associati.\u00a0<\/p>\n<p>&nbsp;<\/p>\n<p>Als f\u00fchrende Stimme in der Debatte \u00fcber die Auswirkungen neuer Technologien auf das st\u00e4dtische Leben wurden seine Arbeiten an verschiedenen Orten weltweit ausgestellt, darunter auf der Biennale in Venedig, im New Yorker MoMA, im Londoner Wissenschaftsmuseum, im Barcelona Design Museum und in der Bi-City Biennale f\u00fcr Architektur und St\u00e4dtebau in Shenzhen. Drei seiner Projekte &#8211; der Digital Water Pavilion, das Copenhagen Wheel und Scribit &#8211; wurden vom Time Magazine als \u201eBest Inventions of the Year&#8220; ausgezeichnet.\u00a0<\/p>\n<p>&nbsp;<\/p>\n<p>Carlo Ratti wurde in die Smart List &#8222;50 people who will change the world&#8220; des Wired Magazine aufgenommen. Derzeit ist er Co-Vorsitzender des &#8222;Global Future Council on Cities and Urbanization&#8220; des Weltwirtschaftsforums.<\/p>\n\n","protected":false},"excerpt":{"rendered":"<p>Architekt und Direktor des &#8222;Senseable City Lab&#8220; am MIT Der Architekt und Ingenieur Professor Carlo Ratti unterrichtet am MIT, wo er das Senseable City Laboratory leitet, und ist Gr\u00fcndungspartner des internationalen Design- und Innovationsb\u00fcros Carlo Ratti Associati.\u00a0 &nbsp; Als f\u00fchrende Stimme in der Debatte \u00fcber die Auswirkungen neuer Technologien auf &#8230; <\/p>\n<p class=\"read-more-container\"><a title=\"Carlo Ratti\" class=\"read-more button\" href=\"https:\/\/thecopperhub.com\/de\/copper-action-hub-de\/carlo-ratti\/#more-560\" aria-label=\"Mehr Informationen \u00fcber Carlo Ratti\">Weiter lesen<\/a><\/p>\n<p> <a class=\"link-more\" href=\"https:\/\/thecopperhub.com\/de\/copper-action-hub-de\/carlo-ratti\/\">Weiterlesen<\/a><\/p>\n","protected":false},"author":1,"featured_media":0,"parent":535,"menu_order":0,"comment_status":"closed","ping_status":"closed","template":"","meta":{"_acf_changed":false,"_seopress_robots_primary_cat":"","_seopress_titles_title":"","_seopress_titles_desc":"","_seopress_robots_index":"","footnotes":""},"class_list":{"0":"post-560","1":"page","2":"type-page","3":"status-publish","5":"infinite-scroll-item"},"acf":[],"_links":{"self":[{"href":"https:\/\/thecopperhub.com\/de\/wp-json\/wp\/v2\/pages\/560","targetHints":{"allow":["GET"]}}],"collection":[{"href":"https:\/\/thecopperhub.com\/de\/wp-json\/wp\/v2\/pages"}],"about":[{"href":"https:\/\/thecopperhub.com\/de\/wp-json\/wp\/v2\/types\/page"}],"author":[{"embeddable":true,"href":"https:\/\/thecopperhub.com\/de\/wp-json\/wp\/v2\/users\/1"}],"replies":[{"embeddable":true,"href":"https:\/\/thecopperhub.com\/de\/wp-json\/wp\/v2\/comments?post=560"}],"version-history":[{"count":4,"href":"https:\/\/thecopperhub.com\/de\/wp-json\/wp\/v2\/pages\/560\/revisions"}],"predecessor-version":[{"id":1237,"href":"https:\/\/thecopperhub.com\/de\/wp-json\/wp\/v2\/pages\/560\/revisions\/1237"}],"up":[{"embeddable":true,"href":"https:\/\/thecopperhub.com\/de\/wp-json\/wp\/v2\/pages\/535"}],"wp:attachment":[{"href":"https:\/\/thecopperhub.com\/de\/wp-json\/wp\/v2\/media?parent=560"}],"curies":[{"name":"wp","href":"https:\/\/api.w.org\/{rel}","templated":true}]}}