{"id":565,"date":"2021-06-09T15:23:50","date_gmt":"2021-06-09T13:23:50","guid":{"rendered":"https:\/\/thecopperhub.com\/copper-action-hub-de\/roberto-bertollini\/"},"modified":"2021-09-09T17:54:54","modified_gmt":"2021-09-09T15:54:54","slug":"roberto-bertollini","status":"publish","type":"page","link":"https:\/\/thecopperhub.com\/de\/copper-action-hub-de\/roberto-bertollini\/","title":{"rendered":"Roberto Bertollini"},"content":{"rendered":"\n\n\t<h2>Roberto Bertollini<\/h2>\n\t<h3>Experte f\u00fcr \u00f6ffentliche Gesundheit<\/h3>\n\t\t\t\t<img loading=\"lazy\" decoding=\"async\" src=\"https:\/\/thecopperhub.com\/wp-content\/uploads\/2021\/06\/IM_Bertollini_1.png\" alt=\"IM_Bertollini_1\" itemprop=\"image\" height=\"1024\" width=\"819\" title=\"IM_Bertollini_1\" onerror=\"this.style.display='none'\"  \/>\n\t<p>Dr. Roberto Bertollini, M.D., M.P.H., ist Gastprofessor f\u00fcr \u00f6ffentliche Gesundheit und Umweltgesundheit an der Universit\u00e4t von Lissabon.<\/p>\n<p>&nbsp;<\/p>\n<p>Von 2011 bis 2018 hatte Roberto Bertollini das Amt des Vertreters der WHO bei der EU in Br\u00fcssel und des Chefwissenschaftlers des WHO-Regionalb\u00fcros f\u00fcr Europa inne. Von 2007 bis 2010 war er Koordinator der Abteilung &#8222;Evidence and Policy for Environment and Health&#8220; der WHO in Genf mit der speziellen Aufgabe, die globale Politik der WHO im Bezug auf die gesundheitlichen Auswirkungen des Klimawandels zu entwickeln. Vor diesem Posten war er Direktor der Abteilung des Expertenrates &#8222;Health Determinants&#8220; beim WHO-Regionalb\u00fcro f\u00fcr Europa in Kopenhagen.<\/p>\n<p>&nbsp;<\/p>\n<p>Dr. Bertollini ist promovierter Mediziner mit einer Spezialisierung in P\u00e4diatrie und Public Health, letztere von der Johns Hopkins University in Baltimore, USA.<\/p>\n\t<p>Sein berufliches Interesse gilt vor allem der Erforschung neu auftretender Gesundheitsrisiken, etwa durch den Klimawandel, die Umweltverschmutzung und ver\u00e4nderte Lebensgewohnheiten. Dr. Bertollini hat zahlreiche wissenschaftliche Artikel in internationalen Zeitschriften und Publikationen ver\u00f6ffentlicht.<\/p>\n\n","protected":false},"excerpt":{"rendered":"<p>Experte f\u00fcr \u00f6ffentliche Gesundheit Dr. Roberto Bertollini, M.D., M.P.H., ist Gastprofessor f\u00fcr \u00f6ffentliche Gesundheit und Umweltgesundheit an der Universit\u00e4t von Lissabon. &nbsp; Von 2011 bis 2018 hatte Roberto Bertollini das Amt des Vertreters der WHO bei der EU in Br\u00fcssel und des Chefwissenschaftlers des WHO-Regionalb\u00fcros f\u00fcr Europa inne. Von 2007 &#8230; <\/p>\n<p class=\"read-more-container\"><a title=\"Roberto Bertollini\" class=\"read-more button\" href=\"https:\/\/thecopperhub.com\/de\/copper-action-hub-de\/roberto-bertollini\/#more-565\" aria-label=\"Mehr Informationen \u00fcber Roberto Bertollini\">Weiter lesen<\/a><\/p>\n<p> <a class=\"link-more\" href=\"https:\/\/thecopperhub.com\/de\/copper-action-hub-de\/roberto-bertollini\/\">Weiterlesen<\/a><\/p>\n","protected":false},"author":1,"featured_media":0,"parent":535,"menu_order":0,"comment_status":"closed","ping_status":"closed","template":"","meta":{"_acf_changed":false,"_seopress_robots_primary_cat":"","_seopress_titles_title":"","_seopress_titles_desc":"","_seopress_robots_index":"","footnotes":""},"class_list":{"0":"post-565","1":"page","2":"type-page","3":"status-publish","5":"infinite-scroll-item"},"acf":[],"_links":{"self":[{"href":"https:\/\/thecopperhub.com\/de\/wp-json\/wp\/v2\/pages\/565","targetHints":{"allow":["GET"]}}],"collection":[{"href":"https:\/\/thecopperhub.com\/de\/wp-json\/wp\/v2\/pages"}],"about":[{"href":"https:\/\/thecopperhub.com\/de\/wp-json\/wp\/v2\/types\/page"}],"author":[{"embeddable":true,"href":"https:\/\/thecopperhub.com\/de\/wp-json\/wp\/v2\/users\/1"}],"replies":[{"embeddable":true,"href":"https:\/\/thecopperhub.com\/de\/wp-json\/wp\/v2\/comments?post=565"}],"version-history":[{"count":8,"href":"https:\/\/thecopperhub.com\/de\/wp-json\/wp\/v2\/pages\/565\/revisions"}],"predecessor-version":[{"id":1593,"href":"https:\/\/thecopperhub.com\/de\/wp-json\/wp\/v2\/pages\/565\/revisions\/1593"}],"up":[{"embeddable":true,"href":"https:\/\/thecopperhub.com\/de\/wp-json\/wp\/v2\/pages\/535"}],"wp:attachment":[{"href":"https:\/\/thecopperhub.com\/de\/wp-json\/wp\/v2\/media?parent=565"}],"curies":[{"name":"wp","href":"https:\/\/api.w.org\/{rel}","templated":true}]}}