{"id":569,"date":"2021-06-09T13:08:50","date_gmt":"2021-06-09T11:08:50","guid":{"rendered":"https:\/\/thecopperhub.com\/copper-action-hub-de\/vincenzo-loconsolo\/"},"modified":"2021-07-19T12:24:58","modified_gmt":"2021-07-19T10:24:58","slug":"vincenzo-loconsolo","status":"publish","type":"page","link":"https:\/\/thecopperhub.com\/de\/copper-action-hub-de\/vincenzo-loconsolo\/","title":{"rendered":"Vincenzo Loconsolo"},"content":{"rendered":"\n\n\t<h2>Vincenzo Loconsolo<\/h2>\n\t<h3>Metallurgie-Ingenieur, Technischen Kommission f\u00fcr &#8222;Nichteisenmetalle&#8220; der UNI<\/h3>\n\t\t\t\t<img loading=\"lazy\" decoding=\"async\" src=\"https:\/\/thecopperhub.com\/wp-content\/uploads\/2021\/06\/IM_Loconsolo.png\" alt=\"IM_Loconsolo\" itemprop=\"image\" height=\"1024\" width=\"819\" title=\"IM_Loconsolo\" onerror=\"this.style.display='none'\"  \/>\n\t<p>Vicenzo Loconsolo ist Pr\u00e4sident der Technischen Kommission f\u00fcr &#8222;Nichteisenmetalle&#8220; der UNI, des italienischen Normenverbandes. Nach seinem Universit\u00e4tsabschluss als Chemieingenieur mit elektrochemisch-metallurgischer Fachrichtung am Politecnico in Mailand trat Loconsolo 1985 dem italienischen Kupferinstitut (IIR) bei und war von 1997 bis 2016 dessen Direktor.\u00a0<\/p>\n<p>&nbsp;<\/p>\n<p>W\u00e4hrend seiner beruflichen Laufbahn befasste sich Vincenzo Loconsolo mit der wissenschaftlichen und technischen F\u00f6rderung von Kupfer und seinen Legierungen in allen Anwendungsbereichen: Architektur und Bauwesen, Design, Thermotechnik, Mechanik und Elektrotechnik, und verfolgte gleichzeitig die Entwicklung der gesetzlichen Rahmenbedingungen. Er arbeitet aktiv mit Verb\u00e4nden der Bioarchitektur und des Anlagenbaus zur F\u00f6rderung der Energieeinsparung und der Nutzung erneuerbarer Energien zusammen sowie mit dem italienischen Metallurgieverband.<\/p>\n\t<p>Im akademischen Bereich war Loconsolo au\u00dferordentlicher Professor an der Fakult\u00e4t f\u00fcr Architektur in Florenz und kooperierte mit dem Master EFER &#8211; Energieeffizienz und erneuerbare Energiequellen der Fakult\u00e4t f\u00fcr Ingenieurwissenschaften von La Sapienza und dem Master of Architectural Design unter Verwendung innovativer Technologien der Fakult\u00e4t f\u00fcr Architektur der Universit\u00e4t Federico II.<\/p>\n\n","protected":false},"excerpt":{"rendered":"<p>Metallurgie-Ingenieur, Technischen Kommission f\u00fcr &#8222;Nichteisenmetalle&#8220; der UNI Vicenzo Loconsolo ist Pr\u00e4sident der Technischen Kommission f\u00fcr &#8222;Nichteisenmetalle&#8220; der UNI, des italienischen Normenverbandes. Nach seinem Universit\u00e4tsabschluss als Chemieingenieur mit elektrochemisch-metallurgischer Fachrichtung am Politecnico in Mailand trat Loconsolo 1985 dem italienischen Kupferinstitut (IIR) bei und war von 1997 bis 2016 dessen Direktor.\u00a0 &nbsp; &#8230; <\/p>\n<p class=\"read-more-container\"><a title=\"Vincenzo Loconsolo\" class=\"read-more button\" href=\"https:\/\/thecopperhub.com\/de\/copper-action-hub-de\/vincenzo-loconsolo\/#more-569\" aria-label=\"Mehr Informationen \u00fcber Vincenzo Loconsolo\">Weiter lesen<\/a><\/p>\n<p> <a class=\"link-more\" href=\"https:\/\/thecopperhub.com\/de\/copper-action-hub-de\/vincenzo-loconsolo\/\">Weiterlesen<\/a><\/p>\n","protected":false},"author":1,"featured_media":0,"parent":535,"menu_order":0,"comment_status":"closed","ping_status":"closed","template":"","meta":{"_acf_changed":false,"_seopress_robots_primary_cat":"","_seopress_titles_title":"","_seopress_titles_desc":"","_seopress_robots_index":"","footnotes":""},"class_list":{"0":"post-569","1":"page","2":"type-page","3":"status-publish","5":"infinite-scroll-item"},"acf":[],"_links":{"self":[{"href":"https:\/\/thecopperhub.com\/de\/wp-json\/wp\/v2\/pages\/569","targetHints":{"allow":["GET"]}}],"collection":[{"href":"https:\/\/thecopperhub.com\/de\/wp-json\/wp\/v2\/pages"}],"about":[{"href":"https:\/\/thecopperhub.com\/de\/wp-json\/wp\/v2\/types\/page"}],"author":[{"embeddable":true,"href":"https:\/\/thecopperhub.com\/de\/wp-json\/wp\/v2\/users\/1"}],"replies":[{"embeddable":true,"href":"https:\/\/thecopperhub.com\/de\/wp-json\/wp\/v2\/comments?post=569"}],"version-history":[{"count":5,"href":"https:\/\/thecopperhub.com\/de\/wp-json\/wp\/v2\/pages\/569\/revisions"}],"predecessor-version":[{"id":1245,"href":"https:\/\/thecopperhub.com\/de\/wp-json\/wp\/v2\/pages\/569\/revisions\/1245"}],"up":[{"embeddable":true,"href":"https:\/\/thecopperhub.com\/de\/wp-json\/wp\/v2\/pages\/535"}],"wp:attachment":[{"href":"https:\/\/thecopperhub.com\/de\/wp-json\/wp\/v2\/media?parent=569"}],"curies":[{"name":"wp","href":"https:\/\/api.w.org\/{rel}","templated":true}]}}