{"id":576,"date":"2021-06-09T12:30:35","date_gmt":"2021-06-09T10:30:35","guid":{"rendered":"https:\/\/thecopperhub.com\/copper-action-hub-de\/piersandro-pallavicini\/"},"modified":"2021-07-19T12:24:28","modified_gmt":"2021-07-19T10:24:28","slug":"piersandro-pallavicini","status":"publish","type":"page","link":"https:\/\/thecopperhub.com\/de\/copper-action-hub-de\/piersandro-pallavicini\/","title":{"rendered":"Piersandro Pallavicini"},"content":{"rendered":"\n\n\t<h2>Piersandro Pallavicini<\/h2>\n\t<h3>Professor f\u00fcr Anorganische Chemie an der Universit\u00e4t Pavia<\/h3>\n\t\t\t\t<img loading=\"lazy\" decoding=\"async\" src=\"https:\/\/thecopperhub.com\/wp-content\/uploads\/2021\/06\/IM_Pallavicini_V2.png\" alt=\"IM_Pallavicini_V2\" itemprop=\"image\" height=\"1024\" width=\"819\" title=\"IM_Pallavicini_V2\" onerror=\"this.style.display='none'\"  \/>\n\t<p>Piersandro Pallavicini ist ordentlicher Professor f\u00fcr Anorganische Chemie an der Universit\u00e4t Pavia mit dem Forschungsschwerpunkt Nanochemie. Er ist auch Autor von Kurzgeschichten und Romanen und arbeitet mit der Zeitung &#8222;La Stampa&#8220; zusammen.<\/p>\n<p>&nbsp;<\/p>\n<p>Seine Forschungsaktivit\u00e4ten konzentrieren sich seit langem auf die Synthese und Eigenschaften von \u00dcbergangsmetallen und deren Verwendung im Elementarzustand oder als Koordinationsverbindungen. Insbesondere leitet er seit 2007 die Forschungsgruppe der Universit\u00e4t Pavia, die sich mit der Modifikation allt\u00e4glicher und medizinischer Oberfl\u00e4chen aus Glas, PDMS und anderen organischen und anorganischen Materialien durch den Einsatz von Edelmetallnanopartikeln und Metallkomplexen mit antibakterieller, schmutzabweisender, anti-Nebel und Anti-Fouling Funktion befasst.\u00a0<\/p>\n\t<p>Ziel der Forschungsgruppe ist die Entwicklung hygienisch sicherer und \u00f6kologisch wertvoller Oberfl\u00e4chen f\u00fcr die Verwendung von Objekten und Ger\u00e4ten wie Touchscreens, Medizinprodukten, Prothesen und Fahrzeuge. Das erhoffte Ergebnis ist die Herstellung einfach aufzutragender L\u00f6sungen wie Fl\u00fcssigkeiten, Gele, Filme und Beschichtungen, die Schadstoffe und Mikroorganismen (Bakterien, Viren, Pilze) zerst\u00f6ren und dadurch die Gesundheitsrisiken der Benutzer verringern.<\/p>\n\n","protected":false},"excerpt":{"rendered":"<p>Professor f\u00fcr Anorganische Chemie an der Universit\u00e4t Pavia Piersandro Pallavicini ist ordentlicher Professor f\u00fcr Anorganische Chemie an der Universit\u00e4t Pavia mit dem Forschungsschwerpunkt Nanochemie. Er ist auch Autor von Kurzgeschichten und Romanen und arbeitet mit der Zeitung &#8222;La Stampa&#8220; zusammen. &nbsp; Seine Forschungsaktivit\u00e4ten konzentrieren sich seit langem auf die Synthese &#8230; <\/p>\n<p class=\"read-more-container\"><a title=\"Piersandro Pallavicini\" class=\"read-more button\" href=\"https:\/\/thecopperhub.com\/de\/copper-action-hub-de\/piersandro-pallavicini\/#more-576\" aria-label=\"Mehr Informationen \u00fcber Piersandro Pallavicini\">Weiter lesen<\/a><\/p>\n<p> <a class=\"link-more\" href=\"https:\/\/thecopperhub.com\/de\/copper-action-hub-de\/piersandro-pallavicini\/\">Weiterlesen<\/a><\/p>\n","protected":false},"author":1,"featured_media":0,"parent":535,"menu_order":0,"comment_status":"closed","ping_status":"closed","template":"","meta":{"_acf_changed":false,"_seopress_robots_primary_cat":"","_seopress_titles_title":"","_seopress_titles_desc":"","_seopress_robots_index":"","footnotes":""},"class_list":{"0":"post-576","1":"page","2":"type-page","3":"status-publish","5":"infinite-scroll-item"},"acf":[],"_links":{"self":[{"href":"https:\/\/thecopperhub.com\/de\/wp-json\/wp\/v2\/pages\/576","targetHints":{"allow":["GET"]}}],"collection":[{"href":"https:\/\/thecopperhub.com\/de\/wp-json\/wp\/v2\/pages"}],"about":[{"href":"https:\/\/thecopperhub.com\/de\/wp-json\/wp\/v2\/types\/page"}],"author":[{"embeddable":true,"href":"https:\/\/thecopperhub.com\/de\/wp-json\/wp\/v2\/users\/1"}],"replies":[{"embeddable":true,"href":"https:\/\/thecopperhub.com\/de\/wp-json\/wp\/v2\/comments?post=576"}],"version-history":[{"count":4,"href":"https:\/\/thecopperhub.com\/de\/wp-json\/wp\/v2\/pages\/576\/revisions"}],"predecessor-version":[{"id":1242,"href":"https:\/\/thecopperhub.com\/de\/wp-json\/wp\/v2\/pages\/576\/revisions\/1242"}],"up":[{"embeddable":true,"href":"https:\/\/thecopperhub.com\/de\/wp-json\/wp\/v2\/pages\/535"}],"wp:attachment":[{"href":"https:\/\/thecopperhub.com\/de\/wp-json\/wp\/v2\/media?parent=576"}],"curies":[{"name":"wp","href":"https:\/\/api.w.org\/{rel}","templated":true}]}}