{"id":582,"date":"2021-06-09T15:38:46","date_gmt":"2021-06-09T13:38:46","guid":{"rendered":"https:\/\/thecopperhub.com\/copper-action-hub-de\/clemens-bulitta\/"},"modified":"2021-07-19T12:23:44","modified_gmt":"2021-07-19T10:23:44","slug":"clemens-bulitta","status":"publish","type":"page","link":"https:\/\/thecopperhub.com\/de\/copper-action-hub-de\/clemens-bulitta\/","title":{"rendered":"Clemens Bulitta"},"content":{"rendered":"\n\n\t<h2>Clemens Bulitta<\/h2>\n\t<h3>Dekan der Fakult\u00e4t Wirtschaftsingenieurwesen und Gesundheit, Amberg-Weiden<\/h3>\n\t\t\t\t<img loading=\"lazy\" decoding=\"async\" src=\"https:\/\/thecopperhub.com\/wp-content\/uploads\/2021\/06\/IM_Bulitta.png\" alt=\"IM_Bulitta\" itemprop=\"image\" height=\"1024\" width=\"819\" title=\"IM_Bulitta\" onerror=\"this.style.display='none'\"  \/>\n\t<p>Herr Prof. Dr. Bulitta ist Dekan der Fakult\u00e4t Wirtschaftsingenieurwesen und Gesundheit an der Ostbayerischen Technischen Hochschule Amberg-Weiden, Leiter des Instituts f\u00fcr Medizintechnik sowie wissenschaftlicher Leiter des Hygienetechnologie-Kompetenzzentrums (HTK). Er ist ausserdem Vorsitzender des Fachausschusses \u201eManagement hygienisch relevanter Fl\u00e4chen in medizinischen Einrichtungen&#8220; des Vereins Deutscher Ingenieure (VDI).\u00a0<\/p>\n<p>&nbsp;<\/p>\n<p>Er besitzt breite, internationale Erfahrungen und Kenntnisse in der klinischen Medizin, der Gesundheitswirtschaft und der Medizintechnikindustrie. Zu den Schwerpunkten seiner Arbeit z\u00e4hlen Hygiene und Infektionspr\u00e4vention, u.a. im Zusammenhang mit antimikrobiellen Oberfl\u00e4chen, und das Entwickeln neuer digitaler Ans\u00e4tze f\u00fcr innovatives und prozessorientiertes Technik- und Technologie-Management zur Produktivit\u00e4tssteigerung im Gesundheitswesen.<\/p>\n\t<p>Nach seinem Studium der Humanmedizin an der Universit\u00e4t Heidelberg und klinischer T\u00e4tigkeit an verschiedenen deutschen Universt\u00e4tskliniken war Prof. Bulitta als Research Fellow am Massachusetts General Hospital der Harvard University in Boston t\u00e4tig. Von 2001 bis 2012 bekleidete er verschiedene Leitungs- und F\u00fchrungspositionen bei Siemens Medizintechnik, bevor er im September 2012 die Professur f\u00fcr Diagnostische Systeme und Medizintechnikmanagement an der Ostbayerischen Technischen Hochschule Amberg-Weiden \u00fcbernahm, die er bis heute innehat.<\/p>\n\n","protected":false},"excerpt":{"rendered":"<p>Dekan der Fakult\u00e4t Wirtschaftsingenieurwesen und Gesundheit, Amberg-Weiden Herr Prof. Dr. Bulitta ist Dekan der Fakult\u00e4t Wirtschaftsingenieurwesen und Gesundheit an der Ostbayerischen Technischen Hochschule Amberg-Weiden, Leiter des Instituts f\u00fcr Medizintechnik sowie wissenschaftlicher Leiter des Hygienetechnologie-Kompetenzzentrums (HTK). Er ist ausserdem Vorsitzender des Fachausschusses \u201eManagement hygienisch relevanter Fl\u00e4chen in medizinischen Einrichtungen&#8220; des Vereins &#8230; <\/p>\n<p class=\"read-more-container\"><a title=\"Clemens Bulitta\" class=\"read-more button\" href=\"https:\/\/thecopperhub.com\/de\/copper-action-hub-de\/clemens-bulitta\/#more-582\" aria-label=\"Mehr Informationen \u00fcber Clemens Bulitta\">Weiter lesen<\/a><\/p>\n<p> <a class=\"link-more\" href=\"https:\/\/thecopperhub.com\/de\/copper-action-hub-de\/clemens-bulitta\/\">Weiterlesen<\/a><\/p>\n","protected":false},"author":1,"featured_media":0,"parent":535,"menu_order":0,"comment_status":"closed","ping_status":"closed","template":"","meta":{"_acf_changed":false,"_seopress_robots_primary_cat":"","_seopress_titles_title":"","_seopress_titles_desc":"","_seopress_robots_index":"","footnotes":""},"class_list":{"0":"post-582","1":"page","2":"type-page","3":"status-publish","5":"infinite-scroll-item"},"acf":[],"_links":{"self":[{"href":"https:\/\/thecopperhub.com\/de\/wp-json\/wp\/v2\/pages\/582","targetHints":{"allow":["GET"]}}],"collection":[{"href":"https:\/\/thecopperhub.com\/de\/wp-json\/wp\/v2\/pages"}],"about":[{"href":"https:\/\/thecopperhub.com\/de\/wp-json\/wp\/v2\/types\/page"}],"author":[{"embeddable":true,"href":"https:\/\/thecopperhub.com\/de\/wp-json\/wp\/v2\/users\/1"}],"replies":[{"embeddable":true,"href":"https:\/\/thecopperhub.com\/de\/wp-json\/wp\/v2\/comments?post=582"}],"version-history":[{"count":4,"href":"https:\/\/thecopperhub.com\/de\/wp-json\/wp\/v2\/pages\/582\/revisions"}],"predecessor-version":[{"id":1239,"href":"https:\/\/thecopperhub.com\/de\/wp-json\/wp\/v2\/pages\/582\/revisions\/1239"}],"up":[{"embeddable":true,"href":"https:\/\/thecopperhub.com\/de\/wp-json\/wp\/v2\/pages\/535"}],"wp:attachment":[{"href":"https:\/\/thecopperhub.com\/de\/wp-json\/wp\/v2\/media?parent=582"}],"curies":[{"name":"wp","href":"https:\/\/api.w.org\/{rel}","templated":true}]}}