{"id":594,"date":"2021-01-08T11:25:12","date_gmt":"2021-01-08T10:25:12","guid":{"rendered":"https:\/\/thecopperhub.com\/il-rame\/"},"modified":"2021-06-23T15:56:19","modified_gmt":"2021-06-23T13:56:19","slug":"warum-kupfer","status":"publish","type":"page","link":"https:\/\/thecopperhub.com\/de\/warum-kupfer\/","title":{"rendered":"Warum Kupfer"},"content":{"rendered":"\r\n\r\n\t\t\t\t<img loading=\"lazy\" decoding=\"async\" src=\"https:\/\/thecopperhub.com\/wp-content\/uploads\/2021\/04\/img-rame-place-fw.jpg\" alt=\"img-rame-place-fw\" itemprop=\"image\" height=\"631\" width=\"1200\" title=\"img-rame-place-fw\" onerror=\"this.style.display='none'\"  \/>\r\n\t<h5>Le Propriet\u00e0<\/h5>\r\n<h2>Antimicrobico e resistente<\/h2>\r\n\t<p>Il rame e le leghe di rame sono antimicrobici: significa che possono eliminare i virus e batteri dalle proprie superfici in tempi brevissimi, riducendo i rischi di diffusione e trasmissione di infezioni. Tra i patogeni che questo materiale pu\u00f2 eliminare ci sono E. Coli, Salmonella, MRSA, Campylobacter, Legionella e Pneumophila; virus come quelli influenzali, Rotavirus, l&#8217;HIV e i Coronavirus, incluso il SARS-CoV2. Uno studio dell&#8217;Istituto di Virologia dell&#8217;Universit\u00e0 di Pisa ha recentemente dimostrato che il rame pu\u00f2 ridurre la carica virale del SARS-CoV2 del 90% nel giro di 10 minuti e neutralizzare il virus al 100% in un&#8217;ora.<\/p>\r\n<p>Per questi motivi, il rame \u00e8 il materiale perfetto per realizzare oggetti come maniglie, rubinetti, corrimano, piastre, interruttori, che vengono toccati pi\u00f9 spesso e possono contribuire a diffondere le infezioni.<\/p>\r\n<h5>\r\n\t\tSostenibilit\u00e0\r\n\t<\/h5>\r\n<h2>\r\n\t\tCompletamente<br \/> ecologico\r\n\t<\/h2>\r\n\t<p>Il rame \u00e8 riciclabile al 100% ed \u00e8 in grado di conservare tutte le propriet\u00e0 originali: non importa quante volte \u00e8 stato riciclato o per quali applicazioni \u00e8 stato usato, il rame mantiene tutte le sue caratteristiche all&#8217;infinito. Si stima, infatti, che l&#8217;80% del rame estratto fin dall&#8217;antichit\u00e0 sia tutt&#8217;oggi ancora in uso e 1\/3 del rame utilizzato oggi nel mondo derivi dal riciclo. Solo in Europa, sono oltre due milioni le tonnellate di rame che provengono da prodotti a fine vita o da scarti di produzione.<\/p>\r\n<p>Il rame gioca pertanto un ruolo fondamentale nell&#8217;economia circolare. Si tratta di una potenzialit\u00e0 molto importante per noi tutti e per le generazioni future: riciclando il rame, possiamo tutelare l&#8217;ambiente risparmiando ogni anno oltre 900 mila tonnellate di CO2<\/p>\r\n\t\t\t\t<img loading=\"lazy\" decoding=\"async\" src=\"https:\/\/thecopperhub.com\/wp-content\/uploads\/2021\/04\/rame-page-plc.jpg\" alt=\"rame-page-plc\" itemprop=\"image\" height=\"504\" width=\"544\" title=\"rame-page-plc\" onerror=\"this.style.display='none'\"  \/>\r\n\t<p>Grazie al riciclo possiamo garantire la disponibilit\u00e0 di questo prezioso metallo per lo sviluppo di tecnologie funzionali a favorire la transizione energetica. Infatti, il rame \u00e8 un metallo ampiamente usato negli impianti per la produzione di energia da fonti rinnovabili, dall&#8217;eolico al fotovoltaico al geotermico; ma anche nella mobilit\u00e0 elettrica: basti pensare che ogni auto elettrica ne contiene circa quattro volte in pi\u00f9 delle auto convenzionali.<\/p>\r\n\t\t\t\t<img loading=\"lazy\" decoding=\"async\" src=\"https:\/\/thecopperhub.com\/wp-content\/uploads\/2021\/04\/monete-rame-place.jpg\" alt=\"monete-rame-place\" itemprop=\"image\" height=\"504\" width=\"544\" title=\"monete-rame-place\" onerror=\"this.style.display='none'\"  \/>\r\n<h5>\r\n\t\tLa Storia\r\n\t<\/h5>\r\n<h2>\r\n\t\tUn alleato,<br \/> da sempre\r\n\t<\/h2>\r\n\t<p>Il rame apr\u00ec una nuova era dell&#8217;umanit\u00e0, segnando la fine dell&#8217;et\u00e0 della pietra. Le testimonianze archeologiche che sono arrivate fino ai nostri tempi ci dicono che il rame veniva usato dall&#8217;uomo gi\u00e0 diecimila anni fa per produrre gioielli e monete. In Europa, il ritrovamento dell&#8216;<i>Uomo del Similaun<\/i> sulle Alpi testimonia l&#8217;utilizzo del rame gi\u00e0 nel 3.200 a.C.: l&#8217;uomo aveva con s\u00e9 un&#8217;ascia con una punta fatta di rame puro al 99,7% e nei suoi capelli \u00e8 stato ritrovato arsenico, utilizzato all&#8217;epoca per la produzione di rame. Dal 2750 a. C. il rame \u00e8 stato usato per lo sviluppo delle citt\u00e0, in particolare per la costruzione di sistemi idrici. La scoperta che poteva essere unito ad altri metalli per formare delle leghe di rame favor\u00ec l&#8217;evoluzione delle civilt\u00e0 e il passaggio a nuove epoche dell&#8217;umanit\u00e0. <\/p>\r\n\t<p>Pi\u00f9 recentemente, nel &#8218;700 e &#8218;800, il rame \u00e8 stato il protagonista di alcune delle scoperte pi\u00f9 importanti legate all&#8217;elettricit\u00e0 e al magnetismo: lo usavano Ampere, Faraday e Ohm, solo per citare alcuni grandi personaggi che con le loro invenzioni hanno dato impulso alla rivoluzione industriale.\u00a0<\/p>\r\n<p>Oggi, il rame continua ad essere essenziale per soddisfare i bisogni della societ\u00e0. L&#8217;uso mondiale di rame negli ultimi 50 anni \u00e8 cresciuto di 3 volte e in futuro crescer\u00e0 ancora pi\u00f9 vertiginosamente. La tecnologia sar\u00e0 fondamentale per garantire la produzione e la disponibilit\u00e0 di rame per tutti.<\/p>\r\n\r\n","protected":false},"excerpt":{"rendered":"<p>Le Propriet\u00e0 Antimicrobico e resistente Il rame e le leghe di rame sono antimicrobici: significa che possono eliminare i virus e batteri dalle proprie superfici in tempi brevissimi, riducendo i rischi di diffusione e trasmissione di infezioni. Tra i patogeni che questo materiale pu\u00f2 eliminare ci sono E. Coli, Salmonella, &#8230; <\/p>\n<p class=\"read-more-container\"><a title=\"Warum Kupfer\" class=\"read-more button\" href=\"https:\/\/thecopperhub.com\/de\/warum-kupfer\/#more-594\" aria-label=\"Mehr Informationen \u00fcber Warum Kupfer\">Weiter lesen<\/a><\/p>\n<p> <a class=\"link-more\" href=\"https:\/\/thecopperhub.com\/de\/warum-kupfer\/\">Weiterlesen<\/a><\/p>\n","protected":false},"author":1,"featured_media":0,"parent":0,"menu_order":0,"comment_status":"closed","ping_status":"closed","template":"","meta":{"_acf_changed":false,"_seopress_robots_primary_cat":"","_seopress_titles_title":"","_seopress_titles_desc":"","_seopress_robots_index":"","footnotes":""},"class_list":{"0":"post-594","1":"page","2":"type-page","3":"status-publish","5":"infinite-scroll-item"},"acf":[],"_links":{"self":[{"href":"https:\/\/thecopperhub.com\/de\/wp-json\/wp\/v2\/pages\/594","targetHints":{"allow":["GET"]}}],"collection":[{"href":"https:\/\/thecopperhub.com\/de\/wp-json\/wp\/v2\/pages"}],"about":[{"href":"https:\/\/thecopperhub.com\/de\/wp-json\/wp\/v2\/types\/page"}],"author":[{"embeddable":true,"href":"https:\/\/thecopperhub.com\/de\/wp-json\/wp\/v2\/users\/1"}],"replies":[{"embeddable":true,"href":"https:\/\/thecopperhub.com\/de\/wp-json\/wp\/v2\/comments?post=594"}],"version-history":[{"count":1,"href":"https:\/\/thecopperhub.com\/de\/wp-json\/wp\/v2\/pages\/594\/revisions"}],"predecessor-version":[{"id":596,"href":"https:\/\/thecopperhub.com\/de\/wp-json\/wp\/v2\/pages\/594\/revisions\/596"}],"wp:attachment":[{"href":"https:\/\/thecopperhub.com\/de\/wp-json\/wp\/v2\/media?parent=594"}],"curies":[{"name":"wp","href":"https:\/\/api.w.org\/{rel}","templated":true}]}}